{"id":337,"date":"2022-01-24T21:56:55","date_gmt":"2022-01-24T20:56:55","guid":{"rendered":"https:\/\/airburne.com\/?post_type=product&#038;p=337"},"modified":"2022-01-24T22:20:53","modified_gmt":"2022-01-24T21:20:53","slug":"1-km-de-piste","status":"publish","type":"product","link":"https:\/\/airburne.com\/index.php\/produit\/1-km-de-piste\/","title":{"rendered":"1 km de piste"},"content":{"rendered":"<h6>T-shirt homme col rond ajust\u00e9<\/h6>\n<h6>Jersey 190<\/h6>\n<h6>100% coton semi-peign\u00e9 Ringspun<\/h6>\n<h6>Bande de propret\u00e9 au col, manches, courte, coup\u00e9 cousu, coupe ajust\u00e9e<\/h6>\n","protected":false},"excerpt":{"rendered":"<p>T-shirt homme col rond ajust\u00e9 Jersey 190 100% coton semi-peign\u00e9 Ringspun Bande de propret\u00e9 au col, manches, courte, coup\u00e9 cousu, coupe ajust\u00e9e<\/p>\n","protected":false},"featured_media":346,"template":"","meta":[],"yoast_head":"<!-- This site is optimized with the Yoast SEO plugin v19.7.2 - https:\/\/yoast.com\/wordpress\/plugins\/seo\/ -->\n<title>1 km de piste - AIRBURNE - Fly wear<\/title>\n<meta name=\"robots\" content=\"index, follow, max-snippet:-1, max-image-preview:large, max-video-preview:-1\" \/>\n<link rel=\"canonical\" href=\"https:\/\/airburne.com\/index.php\/produit\/1-km-de-piste\/\" \/>\n<meta property=\"og:locale\" content=\"fr_FR\" \/>\n<meta property=\"og:type\" content=\"article\" \/>\n<meta property=\"og:title\" content=\"1 km de piste - AIRBURNE - Fly wear\" \/>\n<meta property=\"og:description\" content=\"T-shirt homme col rond ajust\u00e9 Jersey 190 100% coton semi-peign\u00e9 Ringspun Bande de propret\u00e9 au col, manches, courte, coup\u00e9 cousu, coupe ajust\u00e9e\" \/>\n<meta property=\"og:url\" content=\"https:\/\/airburne.com\/index.php\/produit\/1-km-de-piste\/\" \/>\n<meta property=\"og:site_name\" content=\"AIRBURNE - Fly wear\" \/>\n<meta property=\"article:modified_time\" content=\"2022-01-24T21:20:53+00:00\" \/>\n<meta property=\"og:image\" content=\"https:\/\/airburne.com\/wp-content\/uploads\/2022\/01\/1km.png\" \/>\n\t<meta property=\"og:image:width\" content=\"512\" \/>\n\t<meta property=\"og:image:height\" content=\"512\" \/>\n\t<meta property=\"og:image:type\" content=\"image\/png\" \/>\n<meta name=\"twitter:card\" content=\"summary_large_image\" \/>\n<script type=\"application\/ld+json\" class=\"yoast-schema-graph\">{\"@context\":\"https:\/\/schema.org\",\"@graph\":[{\"@type\":\"WebPage\",\"@id\":\"https:\/\/airburne.com\/index.php\/produit\/1-km-de-piste\/\",\"url\":\"https:\/\/airburne.com\/index.php\/produit\/1-km-de-piste\/\",\"name\":\"1 km de piste - AIRBURNE - Fly wear\",\"isPartOf\":{\"@id\":\"https:\/\/airburne.com\/#website\"},\"datePublished\":\"2022-01-24T20:56:55+00:00\",\"dateModified\":\"2022-01-24T21:20:53+00:00\",\"breadcrumb\":{\"@id\":\"https:\/\/airburne.com\/index.php\/produit\/1-km-de-piste\/#breadcrumb\"},\"inLanguage\":\"fr-FR\",\"potentialAction\":[{\"@type\":\"ReadAction\",\"target\":[\"https:\/\/airburne.com\/index.php\/produit\/1-km-de-piste\/\"]}]},{\"@type\":\"BreadcrumbList\",\"@id\":\"https:\/\/airburne.com\/index.php\/produit\/1-km-de-piste\/#breadcrumb\",\"itemListElement\":[{\"@type\":\"ListItem\",\"position\":1,\"name\":\"Accueil\",\"item\":\"https:\/\/airburne.com\/\"},{\"@type\":\"ListItem\",\"position\":2,\"name\":\"Boutique Airburne\",\"item\":\"https:\/\/airburne.com\/index.php\/page-boutique-airburne\/\"},{\"@type\":\"ListItem\",\"position\":3,\"name\":\"1 km de piste\"}]},{\"@type\":\"WebSite\",\"@id\":\"https:\/\/airburne.com\/#website\",\"url\":\"https:\/\/airburne.com\/\",\"name\":\"AIRBURNE - Fly wear\",\"description\":\"Airburne.com V\u00eatements techniques speedriding et parapente\",\"publisher\":{\"@id\":\"https:\/\/airburne.com\/#organization\"},\"potentialAction\":[{\"@type\":\"SearchAction\",\"target\":{\"@type\":\"EntryPoint\",\"urlTemplate\":\"https:\/\/airburne.com\/?s={search_term_string}\"},\"query-input\":\"required name=search_term_string\"}],\"inLanguage\":\"fr-FR\"},{\"@type\":\"Organization\",\"@id\":\"https:\/\/airburne.com\/#organization\",\"name\":\"AIRBURNE - Fly wear\",\"url\":\"https:\/\/airburne.com\/\",\"sameAs\":[],\"logo\":{\"@type\":\"ImageObject\",\"inLanguage\":\"fr-FR\",\"@id\":\"https:\/\/airburne.com\/#\/schema\/logo\/image\/\",\"url\":\"https:\/\/airburne.com\/wp-content\/uploads\/2020\/11\/cropped-Airburne-1-logo-multicolor-225-60-2-1.jpg\",\"contentUrl\":\"https:\/\/airburne.com\/wp-content\/uploads\/2020\/11\/cropped-Airburne-1-logo-multicolor-225-60-2-1.jpg\",\"width\":225,\"height\":60,\"caption\":\"AIRBURNE - Fly wear\"},\"image\":{\"@id\":\"https:\/\/airburne.com\/#\/schema\/logo\/image\/\"}}]}<\/script>\n<!-- \/ Yoast SEO plugin. -->","yoast_head_json":{"title":"1 km de piste - AIRBURNE - Fly wear","robots":{"index":"index","follow":"follow","max-snippet":"max-snippet:-1","max-image-preview":"max-image-preview:large","max-video-preview":"max-video-preview:-1"},"canonical":"https:\/\/airburne.com\/index.php\/produit\/1-km-de-piste\/","og_locale":"fr_FR","og_type":"article","og_title":"1 km de piste - AIRBURNE - Fly wear","og_description":"T-shirt homme col rond ajust\u00e9 Jersey 190 100% coton semi-peign\u00e9 Ringspun Bande de propret\u00e9 au col, manches, courte, coup\u00e9 cousu, coupe ajust\u00e9e","og_url":"https:\/\/airburne.com\/index.php\/produit\/1-km-de-piste\/","og_site_name":"AIRBURNE - Fly wear","article_modified_time":"2022-01-24T21:20:53+00:00","og_image":[{"width":512,"height":512,"url":"https:\/\/airburne.com\/wp-content\/uploads\/2022\/01\/1km.png","type":"image\/png"}],"twitter_card":"summary_large_image","schema":{"@context":"https:\/\/schema.org","@graph":[{"@type":"WebPage","@id":"https:\/\/airburne.com\/index.php\/produit\/1-km-de-piste\/","url":"https:\/\/airburne.com\/index.php\/produit\/1-km-de-piste\/","name":"1 km de piste - AIRBURNE - Fly wear","isPartOf":{"@id":"https:\/\/airburne.com\/#website"},"datePublished":"2022-01-24T20:56:55+00:00","dateModified":"2022-01-24T21:20:53+00:00","breadcrumb":{"@id":"https:\/\/airburne.com\/index.php\/produit\/1-km-de-piste\/#breadcrumb"},"inLanguage":"fr-FR","potentialAction":[{"@type":"ReadAction","target":["https:\/\/airburne.com\/index.php\/produit\/1-km-de-piste\/"]}]},{"@type":"BreadcrumbList","@id":"https:\/\/airburne.com\/index.php\/produit\/1-km-de-piste\/#breadcrumb","itemListElement":[{"@type":"ListItem","position":1,"name":"Accueil","item":"https:\/\/airburne.com\/"},{"@type":"ListItem","position":2,"name":"Boutique Airburne","item":"https:\/\/airburne.com\/index.php\/page-boutique-airburne\/"},{"@type":"ListItem","position":3,"name":"1 km de piste"}]},{"@type":"WebSite","@id":"https:\/\/airburne.com\/#website","url":"https:\/\/airburne.com\/","name":"AIRBURNE - Fly wear","description":"Airburne.com V\u00eatements techniques speedriding et parapente","publisher":{"@id":"https:\/\/airburne.com\/#organization"},"potentialAction":[{"@type":"SearchAction","target":{"@type":"EntryPoint","urlTemplate":"https:\/\/airburne.com\/?s={search_term_string}"},"query-input":"required name=search_term_string"}],"inLanguage":"fr-FR"},{"@type":"Organization","@id":"https:\/\/airburne.com\/#organization","name":"AIRBURNE - Fly wear","url":"https:\/\/airburne.com\/","sameAs":[],"logo":{"@type":"ImageObject","inLanguage":"fr-FR","@id":"https:\/\/airburne.com\/#\/schema\/logo\/image\/","url":"https:\/\/airburne.com\/wp-content\/uploads\/2020\/11\/cropped-Airburne-1-logo-multicolor-225-60-2-1.jpg","contentUrl":"https:\/\/airburne.com\/wp-content\/uploads\/2020\/11\/cropped-Airburne-1-logo-multicolor-225-60-2-1.jpg","width":225,"height":60,"caption":"AIRBURNE - Fly wear"},"image":{"@id":"https:\/\/airburne.com\/#\/schema\/logo\/image\/"}}]}},"_links":{"self":[{"href":"https:\/\/airburne.com\/index.php\/wp-json\/wp\/v2\/product\/337"}],"collection":[{"href":"https:\/\/airburne.com\/index.php\/wp-json\/wp\/v2\/product"}],"about":[{"href":"https:\/\/airburne.com\/index.php\/wp-json\/wp\/v2\/types\/product"}],"wp:featuredmedia":[{"embeddable":true,"href":"https:\/\/airburne.com\/index.php\/wp-json\/wp\/v2\/media\/346"}],"wp:attachment":[{"href":"https:\/\/airburne.com\/index.php\/wp-json\/wp\/v2\/media?parent=337"}],"curies":[{"name":"wp","href":"https:\/\/api.w.org\/{rel}","templated":true}]}}